{"id":2,"date":"2015-06-18T19:23:01","date_gmt":"2015-06-18T19:23:01","guid":{"rendered":"http:\/\/comudicas.santarosa.rs.gov.br\/?page_id=2"},"modified":"2026-04-27T09:55:54","modified_gmt":"2026-04-27T12:55:54","slug":"pagina-exemplo","status":"publish","type":"page","link":"https:\/\/comudicas.santarosa.rs.gov.br\/","title":{"rendered":"Apresenta\u00e7\u00e3o"},"content":{"rendered":"<p>Seja bem-vindo ao site do Conselho Municipal dos Direitos da Crian\u00e7a e do Adolescente &#8211; Santa Rosa\/RS.<\/p>\n<div style=\"position: absolute; left: -6643px;\"><a href=\"https:\/\/rollinocasinos.org\/\">rollino casino<\/a><\/div>\n","protected":false},"excerpt":{"rendered":"<p>Seja bem-vindo ao site do Conselho Municipal dos Direitos da Crian\u00e7a e do Adolescente &#8211; Santa Rosa\/RS. rollino casino<\/p>\n","protected":false},"author":6,"featured_media":0,"parent":0,"menu_order":1,"comment_status":"closed","ping_status":"closed","template":"","meta":[],"_links":{"self":[{"href":"https:\/\/comudicas.santarosa.rs.gov.br\/index.php\/wp-json\/wp\/v2\/pages\/2"}],"collection":[{"href":"https:\/\/comudicas.santarosa.rs.gov.br\/index.php\/wp-json\/wp\/v2\/pages"}],"about":[{"href":"https:\/\/comudicas.santarosa.rs.gov.br\/index.php\/wp-json\/wp\/v2\/types\/page"}],"author":[{"embeddable":true,"href":"https:\/\/comudicas.santarosa.rs.gov.br\/index.php\/wp-json\/wp\/v2\/users\/6"}],"replies":[{"embeddable":true,"href":"https:\/\/comudicas.santarosa.rs.gov.br\/index.php\/wp-json\/wp\/v2\/comments?post=2"}],"version-history":[{"count":9,"href":"https:\/\/comudicas.santarosa.rs.gov.br\/index.php\/wp-json\/wp\/v2\/pages\/2\/revisions"}],"predecessor-version":[{"id":6298,"href":"https:\/\/comudicas.santarosa.rs.gov.br\/index.php\/wp-json\/wp\/v2\/pages\/2\/revisions\/6298"}],"wp:attachment":[{"href":"https:\/\/comudicas.santarosa.rs.gov.br\/index.php\/wp-json\/wp\/v2\/media?parent=2"}],"curies":[{"name":"wp","href":"https:\/\/api.w.org\/{rel}","templated":true}]}}